{"id":842,"date":"2018-08-31T16:32:00","date_gmt":"2018-08-31T19:32:00","guid":{"rendered":"https:\/\/ens35-sfe.infd.edu.ar\/sitio\/regimen-de-asistencia-y-promocion\/"},"modified":"2022-03-29T16:32:56","modified_gmt":"2022-03-29T19:32:56","slug":"regimen-de-asistencia-y-promocion","status":"publish","type":"page","link":"https:\/\/ens35-sfe.infd.edu.ar\/sitio\/regimen-de-asistencia-y-promocion\/","title":{"rendered":"R\u00e9gimen de Asistencia y Promoci\u00f3n"},"content":{"rendered":"<p style=\"text-align: justify;\"><span style=\"font-family: verdana, geneva; font-size: 10pt;\">En el\u00a0<strong>Dise\u00f1o Curricular<\/strong>\u00a0existen diversos formatos de organizaci\u00f3n curricular denominados:\u00a0materia, seminario, taller, seminario-taller y ateneo.<\/span><\/p>\n<p style=\"text-align: justify;\"><span style=\"font-family: verdana, geneva; font-size: 10pt;\">Las\u00a0<strong>Materias<\/strong>\u00a0admitir\u00e1n dos condiciones:<\/span><\/p>\n<p style=\"text-align: justify;\"><span style=\"font-family: verdana, geneva; font-size: 10pt;\">a) Regular con cursado presencial o con cursado semi-presencial\u00a0<\/span><br \/>\n<span style=\"font-family: verdana, geneva; font-size: 10pt;\">b) Libre.<\/span><\/p>\n<p style=\"text-align: justify;\"><span style=\"font-family: verdana, geneva; font-size: 10pt;\">Para cada una de estas modalidades se determinan las siguientes condiciones de regularizaci\u00f3n, evaluaci\u00f3n y promoci\u00f3n, teniendo en cuenta que la cantidad y caracter\u00edsticas de parciales, trabajos pr\u00e1cticos y\/o recuperatorios ser\u00e1n establecidas por la instituci\u00f3n, a trav\u00e9s de una disposici\u00f3n avalada por el Consejo Institucional.<\/span><\/p>\n<p style=\"text-align: justify;\"><span style=\"font-family: verdana, geneva; font-size: 10pt;\">a)\u00a0Regular:<\/span><\/p>\n<p style=\"text-align: justify;\"><span style=\"font-family: verdana, geneva; font-size: 10pt;\"><em>a.1) Regular con cursado presencial:<\/em>\u00a0regulariza el cursado de las materias mediante el\u00a0cumplimiento del 75% de la asistencia a clases y la aprobaci\u00f3n del 70% de los trabajos\u00a0pr\u00e1cticos y parciales previstos en el programa o plan de c\u00e1tedra. Aprobar al menos un examen parcial con una calificaci\u00f3n m\u00ednima de 2 (dos).\u00a0<\/span><br \/>\n<span style=\"font-family: verdana, geneva; font-size: 10pt;\">Aprobaci\u00f3n con examen final ante tribunal o por promoci\u00f3n directa.\u00a0<\/span><br \/>\n<span style=\"font-family: verdana, geneva; font-size: 10pt;\">La promoci\u00f3n directa de formato curricular materia requerir\u00e1 un 100% de los trabajos pr\u00e1cticos y parciales aprobados con un promedio de 4 o m\u00e1s, y culminar\u00e1n con un coloquio integrador ante el\/la profesor\/a a cargo del espacio.<\/span><\/p>\n<p style=\"text-align: justify;\"><span style=\"font-family: verdana, geneva; font-size: 10pt;\"><em>a.2) Regular con cursado semi-presencial:\u00a0<\/em>regulariza el cursado mediante el cumplimiento de al menos el 40% de asistencia y la aprobaci\u00f3n del 100% de los trabajos pr\u00e1cticos y parciales previstos en el programa o plan de c\u00e1tedra. La aprobaci\u00f3n ser\u00e1 con examen final ante tribunal.\u00a0<\/span><br \/>\n<span style=\"font-family: verdana, geneva; font-size: 10pt;\">Siguiendo las recomendaciones de la Resoluci\u00f3n del C.F.E. N\u00ba 72\/08 Anexo II, la regularidad en cada unidad curricular se mantendr\u00e1 por <strong>tres\u00a0a\u00f1os acad\u00e9micos<\/strong>, para la instancia de cierre y acreditaci\u00f3n correspondiente. Para ello la instituci\u00f3n debe asegurar\u00a0<strong>siete turnos a mesas de examen<\/strong>\u00a0final a lo largo de dicho per\u00edodo.<\/span><\/p>\n<p style=\"text-align: justify;\"><span style=\"font-family: verdana, geneva; font-size: 10pt;\">b)\u00a0Libre\u00a0<\/span><br \/>\n<span style=\"font-family: verdana, geneva; font-size: 10pt;\">No cumplimenta ninguno o algunos de los requisitos previstos en la modalidad de Regular. La aprobaci\u00f3n ser\u00e1 con examen escrito y oral ante tribunal, con ajuste a la bibliograf\u00eda indicada previamente en el programa o plan de c\u00e1tedra. Para aprobar una materia en condici\u00f3n de alumno\/a libre es necesario que el estudiante est\u00e9 inscripto en la carrera, que se inscriba en el\u00a0turno de ex\u00e1menes y que tenga aprobadas las unidades curriculares previas correlativas.<\/span><\/p>\n<p style=\"text-align: justify;\"><span style=\"font-family: verdana, geneva; font-size: 10pt;\">Siguiendo las recomendaciones de la Resoluci\u00f3n CFE N\u00ba 72\/08 Anexo II, dada la caracter\u00edstica de simultaneidad de los tres campos de formaci\u00f3n en los dise\u00f1os para la formaci\u00f3n docente, se habilitar\u00e1 el car\u00e1cter de libre, s\u00f3lo en los casos de unidades curriculares con formato materia y preferentemente s\u00f3lo en aquellas que componen el campo de la formaci\u00f3n general.<\/span><\/p>\n<p style=\"text-align: justify;\"><span style=\"font-family: verdana, geneva; font-size: 10pt;\">Los\u00a0<strong>Talleres<\/strong>\u00a0deber\u00e1n ser cursados en condici\u00f3n de regular con cursado presencial. Para\u00a0<\/span><br \/>\n<span style=\"font-family: verdana, geneva; font-size: 10pt;\">promocionar se tendr\u00e1n en cuenta los siguientes requisitos:<\/span><\/p>\n<p style=\"text-align: justify;\"><span style=\"font-family: verdana, geneva; font-size: 10pt;\">-El 75% de asistencia.\u00a0<\/span><br \/>\n<span style=\"font-family: verdana, geneva; font-size: 10pt;\">-Aprobar la presentaci\u00f3n de todas las producciones individuales y\/o grupales, con una\u00a0calificaci\u00f3n m\u00ednima de 3 (tres) seg\u00fan las condiciones establecidas en el programa o plan de c\u00e1tedra.\u00a0<\/span><br \/>\n<span style=\"font-family: verdana, geneva; font-size: 10pt;\">Si el estudiante no alcanza la promoci\u00f3n, el docente podr\u00e1 implementar los medios que considere necesarios para recuperar aspectos no aprobados, en los dos turnos consecutivos posteriores a la finalizaci\u00f3n del cursado. De no aprobarse deber\u00e1 recursarse.<\/span><\/p>\n<p style=\"text-align: justify;\"><span style=\"font-family: verdana, geneva; font-size: 10pt;\">Los\u00a0<strong>Seminarios<\/strong>\u00a0deber\u00e1n ser cursados solamente en condici\u00f3n de regulares, con cursado\u00a0<\/span><br \/>\n<span style=\"font-family: verdana, geneva; font-size: 10pt;\">presencial o semipresencial. Para promocionar se tendr\u00e1 en cuenta los siguientes requisitos:<\/span><\/p>\n<p style=\"text-align: justify;\"><span style=\"font-family: verdana, geneva; font-size: 10pt;\">-El 75% de asistencia.\u00a0<\/span><br \/>\n<span style=\"font-family: verdana, geneva; font-size: 10pt;\">-Aprobar la elaboraci\u00f3n y defensa de una producci\u00f3n escrita, con una calificaci\u00f3n m\u00ednima de 2 (dos).\u00a0<\/span><br \/>\n<span style=\"font-family: verdana, geneva; font-size: 10pt;\">-La producci\u00f3n escrita deber\u00e1 ser aprobada como requisito previo para acceder a la defensa oral.<\/span><\/p>\n<p style=\"text-align: justify;\"><span style=\"font-family: verdana, geneva; font-size: 10pt;\">La defensa oral del trabajo escrito ser\u00e1 ante tribunal durante el periodo de mesa de ex\u00e1menes.\u00a0<\/span><br \/>\n<span style=\"font-family: verdana, geneva; font-size: 10pt;\">Si el estudiante no aprueba la defensa oral en los tres turnos consecutivos posteriores a la\u00a0<\/span><br \/>\n<span style=\"font-family: verdana, geneva; font-size: 10pt;\">cursada, deber\u00e1 recursar el seminario.<\/span><\/p>\n<p style=\"text-align: justify;\"><span style=\"font-family: verdana, geneva; font-size: 10pt;\">Los\u00a0<strong>Seminario\u2013Taller<\/strong>, podr\u00e1n ser cursados solamente con condici\u00f3n de alumnos regulares, con cursado presencial o semipresencial. Para promocionar se tendr\u00e1 en cuenta de los siguientes\u00a0<\/span><br \/>\n<span style=\"font-family: verdana, geneva; font-size: 10pt;\">requisitos:<\/span><\/p>\n<p style=\"text-align: justify;\"><span style=\"font-family: verdana, geneva; font-size: 10pt;\">-El 75% de asistencia.\u00a0<\/span><br \/>\n<span style=\"font-family: verdana, geneva; font-size: 10pt;\">-Aprobar la elaboraci\u00f3n y defensa de una producci\u00f3n escrita, con una calificaci\u00f3n m\u00ednima de 2 (dos).\u00a0<\/span><br \/>\n<span style=\"font-family: verdana, geneva; font-size: 10pt;\">-La producci\u00f3n escrita deber\u00e1 ser aprobada como requisito previo para acceder a la defensa\u00a0oral.<\/span><\/p>\n<p style=\"text-align: justify;\"><span style=\"font-family: verdana, geneva; font-size: 10pt;\">La defensa oral del trabajo escrito ser\u00e1 ante tribunal durante el periodo de mesa de ex\u00e1menes.\u00a0<\/span><br \/>\n<span style=\"font-family: verdana, geneva; font-size: 10pt;\">Si el estudiante no aprueba la defensa oral en los tres turnos consecutivos posteriores a la\u00a0<\/span><br \/>\n<span style=\"font-family: verdana, geneva; font-size: 10pt;\">cursada, deber\u00e1 recursar el seminario.\u00a0<\/span><br \/>\n<span style=\"font-family: verdana, geneva; font-size: 10pt;\">En el caso de Talleres y Seminarios opcionales propuestos al interior de algunas unidades\u00a0<\/span><br \/>\n<span style=\"font-family: verdana, geneva; font-size: 10pt;\">curriculares, que los IFD decidan desarrollar, se evaluar\u00e1n y promover\u00e1n como parte de la misma unidad curricular que los contiene.<\/span><\/p>\n<p style=\"text-align: justify;\"><span style=\"font-family: verdana, geneva; font-size: 10pt;\">Los\u00a0<strong>Talleres de Pr\u00e1ctica I, II, III, IV y el Ateneo<\/strong>, deber\u00e1n ser cursados con condici\u00f3n de alumno regular con cursado presencial. Para promocionar se tendr\u00e1n en cuenta los siguientes requisitos:<\/span><\/p>\n<p style=\"text-align: justify;\"><span style=\"font-family: verdana, geneva; font-size: 10pt;\">-El 75% de asistencia a los encuentros previstos en el taller semanal.\u00a0<\/span><br \/>\n<span style=\"font-family: verdana, geneva; font-size: 10pt;\">-Asistir al 100% del tiempo asignado en las escuelas asociadas.<\/span><\/p>\n<p style=\"text-align: justify;\"><span style=\"font-family: verdana, geneva; font-size: 10pt;\">Cada Taller se aprueba con una calificaci\u00f3n m\u00ednima de 3 (tres). Si el estudiante no alcanza la promoci\u00f3n, el docente podr\u00e1 implementar los medios que considere necesarios para recuperar\u00a0<\/span><br \/>\n<span style=\"font-family: verdana, geneva; font-size: 10pt;\">aspectos no aprobados, en los dos turnos consecutivos posteriores a la finalizaci\u00f3n del cursado.\u00a0<\/span><br \/>\n<span style=\"font-family: verdana, geneva; font-size: 10pt;\">De no aprobarse deber\u00e1 recursarse.<\/span><\/p>\n<p style=\"text-align: justify;\"><span style=\"font-family: verdana, geneva; font-size: 10pt;\">El Taller de Pr\u00e1ctica IV ser\u00e1 de cursado simult\u00e1neo con el Ateneo, teniendo una \u00fanica acreditaci\u00f3n.<\/span><\/p>\n","protected":false},"excerpt":{"rendered":"<p>En el\u00a0Dise\u00f1o Curricular\u00a0existen diversos formatos de organizaci\u00f3n curricular denominados:\u00a0materia, seminario, taller, seminario-taller y ateneo. Las\u00a0Materias\u00a0admitir\u00e1n dos condiciones: a) Regular con cursado presencial o con cursado semi-presencial\u00a0 b) Libre. Para cada una de estas modalidades se determinan las siguientes condiciones de regularizaci\u00f3n, evaluaci\u00f3n y promoci\u00f3n, teniendo en cuenta que la cantidad y caracter\u00edsticas de parciales, trabajos &#8230; <a title=\"R\u00e9gimen de Asistencia y Promoci\u00f3n\" class=\"read-more\" href=\"https:\/\/ens35-sfe.infd.edu.ar\/sitio\/regimen-de-asistencia-y-promocion\/\" aria-label=\"More on R\u00e9gimen de Asistencia y Promoci\u00f3n\">[+]<\/a><\/p>\n","protected":false},"author":1296,"featured_media":0,"parent":0,"menu_order":0,"comment_status":"closed","ping_status":"closed","template":"","meta":[],"acf":[],"_links":{"self":[{"href":"https:\/\/ens35-sfe.infd.edu.ar\/sitio\/wp-json\/wp\/v2\/pages\/842"}],"collection":[{"href":"https:\/\/ens35-sfe.infd.edu.ar\/sitio\/wp-json\/wp\/v2\/pages"}],"about":[{"href":"https:\/\/ens35-sfe.infd.edu.ar\/sitio\/wp-json\/wp\/v2\/types\/page"}],"author":[{"embeddable":true,"href":"https:\/\/ens35-sfe.infd.edu.ar\/sitio\/wp-json\/wp\/v2\/users\/1296"}],"replies":[{"embeddable":true,"href":"https:\/\/ens35-sfe.infd.edu.ar\/sitio\/wp-json\/wp\/v2\/comments?post=842"}],"version-history":[{"count":2,"href":"https:\/\/ens35-sfe.infd.edu.ar\/sitio\/wp-json\/wp\/v2\/pages\/842\/revisions"}],"predecessor-version":[{"id":2681,"href":"https:\/\/ens35-sfe.infd.edu.ar\/sitio\/wp-json\/wp\/v2\/pages\/842\/revisions\/2681"}],"wp:attachment":[{"href":"https:\/\/ens35-sfe.infd.edu.ar\/sitio\/wp-json\/wp\/v2\/media?parent=842"}],"curies":[{"name":"wp","href":"https:\/\/api.w.org\/{rel}","templated":true}]}}