{"id":2765,"date":"2022-10-13T10:43:27","date_gmt":"2022-10-13T13:43:27","guid":{"rendered":"https:\/\/ens35-sfe.infd.edu.ar\/sitio\/?page_id=2765"},"modified":"2023-02-23T16:40:38","modified_gmt":"2023-02-23T19:40:38","slug":"inscripcion-ingresantes-2023","status":"publish","type":"page","link":"https:\/\/ens35-sfe.infd.edu.ar\/sitio\/inscripcion-ingresantes-2023\/","title":{"rendered":"Inscripci\u00f3n ingresantes 2023"},"content":{"rendered":"\n<p><\/p>\n\n\n\n<p>A partir del <strong>17\/02<\/strong> y hasta el <strong>10\/03 <\/strong>inclusive estar\u00e1 abierta la inscripci\u00f3n para aspirantes 2023 a carreras de nivel superior:<\/p>\n\n\n\n<p><a rel=\"noreferrer noopener\" href=\"https:\/\/ens35-sfe.infd.edu.ar\/sitio\/wp-content\/uploads\/2022\/10\/Solicitud-Inscripcion-INICIAL-2022.pdf\" target=\"_blank\"><strong>FORMULARIO ROFESORADO DE EDUCACI\u00d3N INICIAL PLAN 529\/09<\/strong><\/a><br><a rel=\"noreferrer noopener\" href=\"https:\/\/ens35-sfe.infd.edu.ar\/sitio\/wp-content\/uploads\/2022\/10\/Solicitud-Inscripcion-PRIMARIA-2022.pdf\" target=\"_blank\"><strong><a rel=\"noreferrer noopener\" href=\"https:\/\/ens35-sfe.infd.edu.ar\/sitio\/wp-content\/uploads\/2022\/10\/Solicitud-Inscripcion-INICIAL-2022.pdf\" target=\"_blank\"><strong>FORMULARIO<\/strong><\/a><\/strong><\/a> <a rel=\"noreferrer noopener\" href=\"https:\/\/ens35-sfe.infd.edu.ar\/sitio\/wp-content\/uploads\/2022\/10\/Solicitud-Inscripcion-PRIMARIA-2022.pdf\" target=\"_blank\"><strong>ROFESORADO DE EDUCACI\u00d3N PRIMARIA PLAN 528\/09<\/strong><\/a><br><a rel=\"noreferrer noopener\" href=\"https:\/\/ens35-sfe.infd.edu.ar\/sitio\/wp-content\/uploads\/2022\/10\/Solicitud-Inscripcion-FILOSOFIA-2022-1.pdf\" target=\"_blank\"><strong><a rel=\"noreferrer noopener\" href=\"https:\/\/ens35-sfe.infd.edu.ar\/sitio\/wp-content\/uploads\/2022\/10\/Solicitud-Inscripcion-INICIAL-2022.pdf\" target=\"_blank\"><strong>FORMULARIO<\/strong><\/a><\/strong><\/a> <a rel=\"noreferrer noopener\" href=\"https:\/\/ens35-sfe.infd.edu.ar\/sitio\/wp-content\/uploads\/2022\/10\/Solicitud-Inscripcion-FILOSOFIA-2022-1.pdf\" target=\"_blank\"><strong>ROFESORADO DE EDUCACI\u00d3N SECUNDARIA EN FILOSOF\u00cdA PLAN 425\/17<\/strong><\/a><\/p>\n\n\n\n<p>La recepci\u00f3n de las inscripciones SOLO se realizar\u00e1 en las fechas indicadas.<br>Horario de cursado de las tres carreras: <strong>17:40 a 23:00 hs.<\/strong><br>Modalidad: <strong>Presencial<\/strong>, de lunes a viernes<\/p>\n\n\n\n<p>Documentaci\u00f3n a presentar:<br>\u2022 Formulario de inscripci\u00f3n 2023<strong> IMPRESO Y COMPLETO<\/strong> (S\u00d3LO LAS P\u00c1GINAS 1 Y 2 POR SEPARADO EN DOS HOJAS)<br>\u2022 3 fotos tipo carnet<br>\u2022 Fotocopia <strong>LEGALIZADA <\/strong>del DNI<br>\u2022 Fotocopia <strong>LEGALIZADA <\/strong>del <strong>t\u00edtulo definitivo del nivel secundario \/ certificado de t\u00edtulo en tr\u00e1mite original.<\/strong><br>\u2022 Partida de nacimiento. No es necesario que est\u00e9 legalizada.<br>\u2022 Certificado m\u00e9dico (si es de una instituci\u00f3n\/ consultorio privado debe contar con la estampilla del Colegio de M\u00e9dicos)<\/p>\n\n\n\n<p>IMPORTANTE: LA INSCRIPCI\u00d3N SE HAR\u00c1 EFECTIVA PRESENTANDO LA DOCUMENTACI\u00d3N DETALLADA ANTERIORMENTE.<\/p>\n\n\n\n<p><strong>SE AGRADECE TRAER LA DOCUMENTACI\u00d3N EN UN FOLIO TRANSPARENTE TAMA\u00d1O OFICIO<br><\/strong>Durante el mes de febrero se publicar\u00e1 informaci\u00f3n acerca del CURSO INTRODUCTORIO obligatorio-no excluyente a realizarse en el mes de marzo.<br><strong>HORARIO DE ATENCI\u00d3N PARA LA ENTREGA DE DOCUMENTACI\u00d3N EN OFICINA DE ALUMNADO: 18.30 a 19.30 \u2013 del 17\/02 al 10\/03 inclusive<\/strong><\/p>\n\n\n\n<p>Consultas: normal2alumnadosuperior@gmail.com<\/p>\n\n\n\n<p><\/p>\n","protected":false},"excerpt":{"rendered":"<p>A partir del 17\/02 y hasta el 10\/03 inclusive estar\u00e1 abierta la inscripci\u00f3n para aspirantes 2023 a carreras de nivel superior: FORMULARIO ROFESORADO DE EDUCACI\u00d3N INICIAL PLAN 529\/09FORMULARIO ROFESORADO DE EDUCACI\u00d3N PRIMARIA PLAN 528\/09FORMULARIO ROFESORADO DE EDUCACI\u00d3N SECUNDARIA EN FILOSOF\u00cdA PLAN 425\/17 La recepci\u00f3n de las inscripciones SOLO se realizar\u00e1 en las fechas indicadas.Horario de &#8230; <a title=\"Inscripci\u00f3n ingresantes 2023\" class=\"read-more\" href=\"https:\/\/ens35-sfe.infd.edu.ar\/sitio\/inscripcion-ingresantes-2023\/\" aria-label=\"More on Inscripci\u00f3n ingresantes 2023\">[+]<\/a><\/p>\n","protected":false},"author":1767,"featured_media":0,"parent":0,"menu_order":0,"comment_status":"closed","ping_status":"closed","template":"","meta":[],"acf":[],"_links":{"self":[{"href":"https:\/\/ens35-sfe.infd.edu.ar\/sitio\/wp-json\/wp\/v2\/pages\/2765"}],"collection":[{"href":"https:\/\/ens35-sfe.infd.edu.ar\/sitio\/wp-json\/wp\/v2\/pages"}],"about":[{"href":"https:\/\/ens35-sfe.infd.edu.ar\/sitio\/wp-json\/wp\/v2\/types\/page"}],"author":[{"embeddable":true,"href":"https:\/\/ens35-sfe.infd.edu.ar\/sitio\/wp-json\/wp\/v2\/users\/1767"}],"replies":[{"embeddable":true,"href":"https:\/\/ens35-sfe.infd.edu.ar\/sitio\/wp-json\/wp\/v2\/comments?post=2765"}],"version-history":[{"count":16,"href":"https:\/\/ens35-sfe.infd.edu.ar\/sitio\/wp-json\/wp\/v2\/pages\/2765\/revisions"}],"predecessor-version":[{"id":2828,"href":"https:\/\/ens35-sfe.infd.edu.ar\/sitio\/wp-json\/wp\/v2\/pages\/2765\/revisions\/2828"}],"wp:attachment":[{"href":"https:\/\/ens35-sfe.infd.edu.ar\/sitio\/wp-json\/wp\/v2\/media?parent=2765"}],"curies":[{"name":"wp","href":"https:\/\/api.w.org\/{rel}","templated":true}]}}