{"id":2761,"date":"2022-10-11T17:01:16","date_gmt":"2022-10-11T20:01:16","guid":{"rendered":"https:\/\/ens35-sfe.infd.edu.ar\/sitio\/?page_id=2761"},"modified":"2022-10-11T17:03:24","modified_gmt":"2022-10-11T20:03:24","slug":"no-estas-solx","status":"publish","type":"page","link":"https:\/\/ens35-sfe.infd.edu.ar\/sitio\/no-estas-solx\/","title":{"rendered":"No est\u00e1s solx"},"content":{"rendered":"\n<p>En el marco de la JORNADA EDUCAR EN IGUALDAD, realizada el 03\/10\/22 ponemos a disposici\u00f3n de manera provisoria una de las producciones que, de manera aleatoria, nos permite acercar informaci\u00f3n clave en la atenci\u00f3n de la violencia de g\u00e9nero. Mientras tanto, seguimos recuperando y organizando todas propuestas para ser votadas pr\u00f3ximamente, en la instituci\u00f3n.<\/p>\n\n\n\n<p>Aprovechamos para agradecer la participaci\u00f3n del estudiantado y la docencia!!!!.<\/p>\n\n\n\n<p><a rel=\"noreferrer noopener\" href=\"https:\/\/view.genial.ly\/633b5d4ec529750018b3f404\/learning-experience-didactic-unit-red-local-de-instituciones-para-situaciones-de-violencia-de-genero\" target=\"_blank\">No est\u00e1s solx<\/a><\/p>\n","protected":false},"excerpt":{"rendered":"<p>En el marco de la JORNADA EDUCAR EN IGUALDAD, realizada el 03\/10\/22 ponemos a disposici\u00f3n de manera provisoria una de las producciones que, de manera aleatoria, nos permite acercar informaci\u00f3n clave en la atenci\u00f3n de la violencia de g\u00e9nero. Mientras tanto, seguimos recuperando y organizando todas propuestas para ser votadas pr\u00f3ximamente, en la instituci\u00f3n. Aprovechamos &#8230; <a title=\"No est\u00e1s solx\" class=\"read-more\" href=\"https:\/\/ens35-sfe.infd.edu.ar\/sitio\/no-estas-solx\/\" aria-label=\"More on No est\u00e1s solx\">[+]<\/a><\/p>\n","protected":false},"author":4,"featured_media":0,"parent":0,"menu_order":0,"comment_status":"closed","ping_status":"closed","template":"","meta":[],"acf":[],"_links":{"self":[{"href":"https:\/\/ens35-sfe.infd.edu.ar\/sitio\/wp-json\/wp\/v2\/pages\/2761"}],"collection":[{"href":"https:\/\/ens35-sfe.infd.edu.ar\/sitio\/wp-json\/wp\/v2\/pages"}],"about":[{"href":"https:\/\/ens35-sfe.infd.edu.ar\/sitio\/wp-json\/wp\/v2\/types\/page"}],"author":[{"embeddable":true,"href":"https:\/\/ens35-sfe.infd.edu.ar\/sitio\/wp-json\/wp\/v2\/users\/4"}],"replies":[{"embeddable":true,"href":"https:\/\/ens35-sfe.infd.edu.ar\/sitio\/wp-json\/wp\/v2\/comments?post=2761"}],"version-history":[{"count":1,"href":"https:\/\/ens35-sfe.infd.edu.ar\/sitio\/wp-json\/wp\/v2\/pages\/2761\/revisions"}],"predecessor-version":[{"id":2762,"href":"https:\/\/ens35-sfe.infd.edu.ar\/sitio\/wp-json\/wp\/v2\/pages\/2761\/revisions\/2762"}],"wp:attachment":[{"href":"https:\/\/ens35-sfe.infd.edu.ar\/sitio\/wp-json\/wp\/v2\/media?parent=2761"}],"curies":[{"name":"wp","href":"https:\/\/api.w.org\/{rel}","templated":true}]}}