{"id":1918,"date":"2020-04-24T15:36:19","date_gmt":"2020-04-24T18:36:19","guid":{"rendered":"https:\/\/ens35-sfe.infd.edu.ar\/sitio\/?page_id=1918"},"modified":"2020-11-01T14:33:32","modified_gmt":"2020-11-01T17:33:32","slug":"correlatividades-filosofia","status":"publish","type":"page","link":"https:\/\/ens35-sfe.infd.edu.ar\/sitio\/correlatividades-filosofia\/","title":{"rendered":"Correlatividades Filosof\u00eda"},"content":{"rendered":"<h2>Correlatividades para rendir y cursar:<\/h2>\n<h3><\/h3>\n<h3>DESCARGAR:<\/h3>\n<h3><a href=\"https:\/\/ens35-sfe.infd.edu.ar\/sitio\/wp-content\/uploads\/2020\/11\/3-Res-893-17-Correlativas-Filosof\u00eda.pdf\">Correlativas Filosof\u00eda <\/a><\/h3>\n<p>&nbsp;<\/p>\n<table width=\"918\">\n<tbody>\n<tr>\n<td colspan=\"2\" width=\"416\">Para cursar 2\u00ba a\u00f1o<\/td>\n<td rowspan=\"2\" width=\"217\">Regular<\/td>\n<td rowspan=\"2\" width=\"285\">Aprobada<\/td>\n<\/tr>\n<tr>\n<td>Campo de la formaci\u00f3n<\/td>\n<td>Unidad Curricular<\/td>\n<\/tr>\n<tr>\n<td>Espec\u00edfica<\/td>\n<td>Did\u00e1ctica de la filosof\u00eda I<\/td>\n<td>Introducci\u00f3n a la Filosof\u00eda &#8211; 1\u00ba a\u00f1o<\/td>\n<td><\/td>\n<\/tr>\n<tr>\n<td>En la pr\u00e1ctica<\/td>\n<td>Pr\u00e1ctica Docente II<\/td>\n<td>Pedagog\u00eda &#8211; 1\u00ba a\u00f1o<\/td>\n<td>Pr\u00e1ctica Docente I &#8211; 1\u00ba a\u00f1o<\/td>\n<\/tr>\n<tr>\n<td><\/td>\n<td><\/td>\n<td><\/td>\n<td><\/td>\n<\/tr>\n<tr>\n<td colspan=\"2\">Para rendir 2\u00ba a\u00f1o<\/td>\n<td rowspan=\"2\">Regular<\/td>\n<td rowspan=\"2\">Aprobada<\/td>\n<\/tr>\n<tr>\n<td>Campo de la formaci\u00f3n<\/td>\n<td>Unidad Curricular<\/td>\n<\/tr>\n<tr>\n<td rowspan=\"3\">General<\/td>\n<td>Did\u00e1ctica y Curriculum<\/td>\n<td><\/td>\n<td>Pegagog\u00eda -1\u00ba a\u00f1o<\/td>\n<\/tr>\n<tr>\n<td>Sujeto de la Educaci\u00f3n Secundaria<\/td>\n<td><\/td>\n<td>Psicolog\u00eda y Educaci\u00f3n &#8211; 1\u00ba a\u00f1o<\/td>\n<\/tr>\n<tr>\n<td>Historia de la Filosof\u00eda Medieval<\/td>\n<td><\/td>\n<td>Historia de la Filosof\u00eda Antigua &#8211; 1\u00ba a\u00f1o<\/td>\n<\/tr>\n<tr>\n<td><\/td>\n<td><\/td>\n<td><\/td>\n<td><\/td>\n<\/tr>\n<tr>\n<td colspan=\"2\">Para cursar 3\u00ba a\u00f1o<\/td>\n<td rowspan=\"2\">Regular<\/td>\n<td rowspan=\"2\">Aprobada<\/td>\n<\/tr>\n<tr>\n<td>Campo de la formaci\u00f3n<\/td>\n<td>Unidad Curricular<\/td>\n<\/tr>\n<tr>\n<td>Espec\u00edfica<\/td>\n<td>Did\u00e1ctica y Filosof\u00eda II<\/td>\n<td><\/td>\n<td>Did\u00e1ctica de la Filosof\u00eda I &#8211; 2\u00ba a\u00f1o<\/td>\n<\/tr>\n<tr>\n<td rowspan=\"3\">En la pr\u00e1ctica<\/td>\n<td rowspan=\"3\">Pr\u00e1ctica Docente III<\/td>\n<td rowspan=\"3\">Did\u00e1ctica y Curriculum &#8211; 2\u00ba a\u00f1o<\/td>\n<td>Pr\u00e1ctica Docente II &#8211; 2\u00ba a\u00f1o<\/td>\n<\/tr>\n<tr>\n<td>Did\u00e1ctica de la Filosof\u00eda I &#8211; 2\u00ba a\u00f1o<\/td>\n<\/tr>\n<tr>\n<td width=\"285\">Todas las unidades curriculares del campo de la formaci\u00f3n espec\u00edfica de 1\u00ba a\u00f1o<\/td>\n<\/tr>\n<tr>\n<td><\/td>\n<td><\/td>\n<td><\/td>\n<td><\/td>\n<\/tr>\n<tr>\n<td colspan=\"2\">Para renedir 3\u00ba a\u00f1o<\/td>\n<td rowspan=\"2\">Regular<\/td>\n<td rowspan=\"2\">Aprobada<\/td>\n<\/tr>\n<tr>\n<td>Campo de la formaci\u00f3n<\/td>\n<td>Unidad Curricular<\/td>\n<\/tr>\n<tr>\n<td rowspan=\"4\">Espec\u00edfica<\/td>\n<td>Historia de la Filosof\u00eda Moderna<\/td>\n<td><\/td>\n<td>Historia de la Filosof\u00eda Moderna &#8211; 2\u00ba a\u00f1o<\/td>\n<\/tr>\n<tr>\n<td>Metaf\u00edsica<\/td>\n<td><\/td>\n<td>Introducci\u00f3n a la Filosof\u00eda &#8211; 1\u00ba a\u00f1o<\/td>\n<\/tr>\n<tr>\n<td>Filosof\u00eda Pol\u00edtica<\/td>\n<td><\/td>\n<td>Introducci\u00f3n a la Filosof\u00eda &#8211; 1\u00ba a\u00f1o<\/td>\n<\/tr>\n<tr>\n<td>\u00c9tica<\/td>\n<td><\/td>\n<td>Introducci\u00f3n a la Filosof\u00eda &#8211; 1\u00ba a\u00f1o<\/td>\n<\/tr>\n<tr>\n<td><\/td>\n<td><\/td>\n<td><\/td>\n<td><\/td>\n<\/tr>\n<tr>\n<td colspan=\"2\">Para cursar 4\u00ba a\u00f1o<\/td>\n<td rowspan=\"2\">Regular<\/td>\n<td rowspan=\"2\">Aprobada<\/td>\n<\/tr>\n<tr>\n<td>Campo de la formaci\u00f3n<\/td>\n<td>Unidad Curricular<\/td>\n<\/tr>\n<tr>\n<td>General<\/td>\n<td>Educaci\u00f3n Sexual Integral<\/td>\n<td><\/td>\n<td>Sujeto de la Educaci\u00f3n Secundaria -2\u00ba a\u00f1o<\/td>\n<\/tr>\n<tr>\n<td rowspan=\"3\">Espec\u00edfica<\/td>\n<td rowspan=\"3\">Pr\u00e1ctica Docente IV<\/td>\n<td rowspan=\"3\"><\/td>\n<td>Pr\u00e1ctica Docente III &#8211; 3\u00ba a\u00f1o<\/td>\n<\/tr>\n<tr>\n<td>Did\u00e1ctica de la Filosof\u00eda II &#8211; 3\u00ba a\u00f1o<\/td>\n<\/tr>\n<tr>\n<td width=\"285\">Todas las unidades curriculares del campo de la formaci\u00f3n espec\u00edfica de 2\u00ba a\u00f1o<\/td>\n<\/tr>\n<tr>\n<td><\/td>\n<td><\/td>\n<td><\/td>\n<td><\/td>\n<\/tr>\n<tr>\n<td><\/td>\n<td><\/td>\n<td><\/td>\n<td><\/td>\n<\/tr>\n<tr>\n<td colspan=\"2\">Para rendir 4\u00ba a\u00f1o<\/td>\n<td rowspan=\"2\">Regular<\/td>\n<td rowspan=\"2\">Aprobada<\/td>\n<\/tr>\n<tr>\n<td>Campo de la formaci\u00f3n<\/td>\n<td>Unidad Curricular<\/td>\n<\/tr>\n<tr>\n<td>General<\/td>\n<td>Filosof\u00eda de la Cultura<\/td>\n<td><\/td>\n<td>Antropolog\u00eda Filos\u00f3fica -2\u00ba a\u00f1o<\/td>\n<\/tr>\n<tr>\n<td rowspan=\"5\">Espec\u00edfica<\/td>\n<td>Pensamiento Argentino Latinoamericano<\/td>\n<td><\/td>\n<td>Historia de la Filosof\u00eda Moderna -3\u00ba a\u00f1o<\/td>\n<\/tr>\n<tr>\n<td>Historia de la Filosof\u00eda Contempor\u00e1nea<\/td>\n<td><\/td>\n<td>Historia de la Filosof\u00eda Moderna -3\u00ba a\u00f1o<\/td>\n<\/tr>\n<tr>\n<td rowspan=\"2\">Epistemolog\u00eda<\/td>\n<td rowspan=\"2\"><\/td>\n<td>Historia de la Filosof\u00eda Moderna -3\u00ba a\u00f1o<\/td>\n<\/tr>\n<tr>\n<td>L\u00f3gica I &#8211; 1\u00ba a\u00f1o<\/td>\n<\/tr>\n<tr>\n<td>Filosof\u00eda del Lenguaje<\/td>\n<td><\/td>\n<td>L\u00f3gica I &#8211; 1\u00ba a\u00f1o<\/td>\n<\/tr>\n<\/tbody>\n<\/table>\n","protected":false},"excerpt":{"rendered":"<p>Correlatividades para rendir y cursar: DESCARGAR: Correlativas Filosof\u00eda &nbsp; Para cursar 2\u00ba a\u00f1o Regular Aprobada Campo de la formaci\u00f3n Unidad Curricular Espec\u00edfica Did\u00e1ctica de la filosof\u00eda I Introducci\u00f3n a la Filosof\u00eda &#8211; 1\u00ba a\u00f1o En la pr\u00e1ctica Pr\u00e1ctica Docente II Pedagog\u00eda &#8211; 1\u00ba a\u00f1o Pr\u00e1ctica Docente I &#8211; 1\u00ba a\u00f1o Para rendir 2\u00ba a\u00f1o Regular &#8230; <a title=\"Correlatividades Filosof\u00eda\" class=\"read-more\" href=\"https:\/\/ens35-sfe.infd.edu.ar\/sitio\/correlatividades-filosofia\/\" aria-label=\"More on Correlatividades Filosof\u00eda\">[+]<\/a><\/p>\n","protected":false},"author":1296,"featured_media":0,"parent":0,"menu_order":0,"comment_status":"closed","ping_status":"closed","template":"","meta":[],"acf":[],"_links":{"self":[{"href":"https:\/\/ens35-sfe.infd.edu.ar\/sitio\/wp-json\/wp\/v2\/pages\/1918"}],"collection":[{"href":"https:\/\/ens35-sfe.infd.edu.ar\/sitio\/wp-json\/wp\/v2\/pages"}],"about":[{"href":"https:\/\/ens35-sfe.infd.edu.ar\/sitio\/wp-json\/wp\/v2\/types\/page"}],"author":[{"embeddable":true,"href":"https:\/\/ens35-sfe.infd.edu.ar\/sitio\/wp-json\/wp\/v2\/users\/1296"}],"replies":[{"embeddable":true,"href":"https:\/\/ens35-sfe.infd.edu.ar\/sitio\/wp-json\/wp\/v2\/comments?post=1918"}],"version-history":[{"count":4,"href":"https:\/\/ens35-sfe.infd.edu.ar\/sitio\/wp-json\/wp\/v2\/pages\/1918\/revisions"}],"predecessor-version":[{"id":2369,"href":"https:\/\/ens35-sfe.infd.edu.ar\/sitio\/wp-json\/wp\/v2\/pages\/1918\/revisions\/2369"}],"wp:attachment":[{"href":"https:\/\/ens35-sfe.infd.edu.ar\/sitio\/wp-json\/wp\/v2\/media?parent=1918"}],"curies":[{"name":"wp","href":"https:\/\/api.w.org\/{rel}","templated":true}]}}