{"id":1106,"date":"2019-09-03T19:50:01","date_gmt":"2019-09-03T22:50:01","guid":{"rendered":"https:\/\/ens35-sfe.infd.edu.ar\/sitio\/?page_id=1106"},"modified":"2020-03-04T21:33:45","modified_gmt":"2020-03-05T00:33:45","slug":"programas-prof-filosofia","status":"publish","type":"page","link":"https:\/\/ens35-sfe.infd.edu.ar\/sitio\/programas-prof-filosofia\/","title":{"rendered":"Programas Prof. Filosof\u00eda"},"content":{"rendered":"<table width=\"584\">\n<tbody>\n<tr>\n<td width=\"230\"><strong>Curricular<\/strong><\/td>\n<td width=\"200\"><strong>Programa 2018<\/strong><\/td>\n<td width=\"200\"><strong>Programa 2019<\/strong><\/td>\n<\/tr>\n<tr>\n<td>L\u00f3gica<\/td>\n<td><a href=\"https:\/\/ens35-sfe.infd.edu.ar\/sitio\/wp-content\/uploads\/2019\/09\/PF1-Logica18.pdf\">PF1-Logica18<\/a><\/td>\n<td style=\"text-align: center;\">&#8212;&#8212;&#8212;<\/td>\n<\/tr>\n<tr>\n<td>Pedagog\u00eda<\/td>\n<td><a href=\"https:\/\/ens35-sfe.infd.edu.ar\/sitio\/wp-content\/uploads\/2019\/09\/PF1-Pedagogia18.pdf\">PF1-Pedagogia18<\/a><\/td>\n<td><a href=\"https:\/\/ens35-sfe.infd.edu.ar\/sitio\/wp-content\/uploads\/2019\/09\/PF1-Pedagogia19.pdf\">PF1-Pedagogia19<\/a><\/td>\n<\/tr>\n<tr>\n<td>Pedagog\u00eda examen<\/td>\n<td><a href=\"https:\/\/ens35-sfe.infd.edu.ar\/sitio\/wp-content\/uploads\/2019\/09\/PF1-PedagogiaProgEx18.pdf\">PF1-PedagogiaProgEx18<\/a><\/td>\n<td style=\"text-align: center;\">&#8212;&#8212;&#8212;<\/td>\n<\/tr>\n<tr>\n<td>Psicolog\u00eda y educaci\u00f3n<\/td>\n<td><a href=\"https:\/\/ens35-sfe.infd.edu.ar\/sitio\/wp-content\/uploads\/2019\/09\/PF1-PsicologiaEducacion18.pdf\">PF1-PsicologiaEducacion18<\/a><\/td>\n<td><a href=\"https:\/\/ens35-sfe.infd.edu.ar\/sitio\/wp-content\/uploads\/2019\/09\/PF1-PsicologiaEducacion19.pdf\">PF1-PsicologiaEducacion19<\/a><\/td>\n<\/tr>\n<tr>\n<td>Sociolog\u00eda<\/td>\n<td><a href=\"https:\/\/ens35-sfe.infd.edu.ar\/sitio\/wp-content\/uploads\/2019\/09\/PF1-Sociologia19.pdf\">PF1-Sociologia19<\/a><\/td>\n<td style=\"text-align: center;\">&#8212;&#8212;&#8212;<\/td>\n<\/tr>\n<tr>\n<td>Sociolog\u00eda examen<\/td>\n<td><a href=\"https:\/\/ens35-sfe.infd.edu.ar\/sitio\/wp-content\/uploads\/2019\/09\/PF1-SociologiaProg18.pdf\">PF1-SociologiaProg18<\/a><\/td>\n<td style=\"text-align: center;\">&#8212;&#8212;&#8212;<\/td>\n<\/tr>\n<tr>\n<td>Did\u00e1ctica de la filosof\u00eda<\/td>\n<td><a href=\"https:\/\/ens35-sfe.infd.edu.ar\/sitio\/wp-content\/uploads\/2019\/09\/PF2-DidacticaFilosof18.pdf\">PF2-DidacticaFilosof18<\/a><\/td>\n<td style=\"text-align: center;\">&#8212;&#8212;&#8212;<\/td>\n<\/tr>\n<tr>\n<td>Did\u00e1ctica de la filosof\u00eda examen<\/td>\n<td><a href=\"https:\/\/ens35-sfe.infd.edu.ar\/sitio\/wp-content\/uploads\/2019\/09\/PF2-DidacticaFilosofProg18.pdf\">PF2-DidacticaFilosofProg18<\/a><\/td>\n<td style=\"text-align: center;\">&#8212;&#8212;&#8212;<\/td>\n<\/tr>\n<tr>\n<td>Lat\u00edn<\/td>\n<td><a href=\"https:\/\/ens35-sfe.infd.edu.ar\/sitio\/wp-content\/uploads\/2019\/09\/PF2-Latin18.pdf\">PF2-Latin18<\/a><\/td>\n<td><a href=\"https:\/\/ens35-sfe.infd.edu.ar\/sitio\/wp-content\/uploads\/2019\/09\/PF2-Latin19.pdf\">PF2-Latin19<\/a><\/td>\n<\/tr>\n<tr>\n<td>Lat\u00edn examen<\/td>\n<td><a href=\"https:\/\/ens35-sfe.infd.edu.ar\/sitio\/wp-content\/uploads\/2019\/09\/PF2-LatinProg18.pdf\">PF2-LatinProg18<\/a><\/td>\n<td><a href=\"https:\/\/ens35-sfe.infd.edu.ar\/sitio\/wp-content\/uploads\/2019\/09\/PF2-Latinprog19.pdf\">PF2-Latinprog19<\/a><\/td>\n<\/tr>\n<tr>\n<td>Sujeto de la educaci\u00f3n secundaria<\/td>\n<td><a href=\"https:\/\/ens35-sfe.infd.edu.ar\/sitio\/wp-content\/uploads\/2019\/09\/PF2-SujetosEducSecundaria18.pdf\">PF2-SujetosEducSecundaria18<\/a><\/td>\n<td><a href=\"https:\/\/ens35-sfe.infd.edu.ar\/sitio\/wp-content\/uploads\/2019\/09\/PF2-SujetoEduc19.pdf\">PF2-SujetoEduc19<\/a><\/td>\n<\/tr>\n<tr>\n<td>Taller de docencia II<\/td>\n<td><a href=\"https:\/\/ens35-sfe.infd.edu.ar\/sitio\/wp-content\/uploads\/2019\/09\/PF2-TallerDocencia18.pdf\">PF2-TallerDocencia18<\/a><\/td>\n<td style=\"text-align: center;\">&#8212;&#8212;&#8212;<\/td>\n<\/tr>\n<tr>\n<td>Teor\u00eda del conocimiento<\/td>\n<td><a href=\"https:\/\/ens35-sfe.infd.edu.ar\/sitio\/wp-content\/uploads\/2019\/09\/PF2-TeoriaConocimiento18.pdf\">PF2-TeoriaConocimiento18<\/a><\/td>\n<td><a href=\"https:\/\/ens35-sfe.infd.edu.ar\/sitio\/wp-content\/uploads\/2019\/09\/PF2-TeoriaConocimiento19.pdf\">PF2-TeoriaConocimiento19<\/a><\/td>\n<\/tr>\n<tr>\n<td>Teor\u00eda del conocimiento examen<\/td>\n<td><a href=\"https:\/\/ens35-sfe.infd.edu.ar\/sitio\/wp-content\/uploads\/2019\/09\/PF2-TeoriaConocimientoProg18.pdf\">PF2-TeoriaConocimientoProg18<\/a><\/td>\n<td><a href=\"https:\/\/ens35-sfe.infd.edu.ar\/sitio\/wp-content\/uploads\/2019\/09\/PF2-TeoriaConocimientoProg19.pdf\">PF2-TeoriaConocimientoProg19<\/a><\/td>\n<\/tr>\n<tr>\n<td>Filosof\u00eda de la educaci\u00f3n<\/td>\n<td><a href=\"https:\/\/ens35-sfe.infd.edu.ar\/sitio\/wp-content\/uploads\/2019\/09\/PF3-FilosofiaEducacion18.pdf\">PF3-FilosofiaEducacion18<\/a><\/td>\n<td><a href=\"https:\/\/ens35-sfe.infd.edu.ar\/sitio\/wp-content\/uploads\/2019\/09\/PF3-FilosofiaEducacion19.pdf\">PF3-FilosofiaEducacion19<\/a><\/td>\n<\/tr>\n<tr>\n<td>ECO<\/td>\n<td><a href=\"https:\/\/ens35-sfe.infd.edu.ar\/sitio\/wp-content\/uploads\/2019\/09\/PF4-EcoFilosofNi\u00f1os18.pdf\">PF4-EcoFilosofNi\u00f1os18<\/a><\/td>\n<td><a href=\"https:\/\/ens35-sfe.infd.edu.ar\/sitio\/wp-content\/uploads\/2019\/09\/PF4-ECO19.pdf\">PF4-ECO19<\/a><\/td>\n<\/tr>\n<tr>\n<td>\u00c9tica profesional<\/td>\n<td><a href=\"https:\/\/ens35-sfe.infd.edu.ar\/sitio\/wp-content\/uploads\/2019\/09\/PF4-EticaProfesional18.pdf\">PF4-EticaProfesional18<\/a><\/td>\n<td style=\"text-align: center;\">&#8212;&#8212;&#8212;<\/td>\n<\/tr>\n<tr>\n<td>Historia de la filos. contempor\u00e1nea<\/td>\n<td><a href=\"https:\/\/ens35-sfe.infd.edu.ar\/sitio\/wp-content\/uploads\/2019\/09\/PF4-HistoriaFilosofContemp18.pdf\">PF4-HistoriaFilosofContemp18<\/a><\/td>\n<td><a href=\"https:\/\/ens35-sfe.infd.edu.ar\/sitio\/wp-content\/uploads\/2019\/09\/PF4-HistoriaFiloContemp19.pdf\">PF4-HistoriaFiloContemp19<\/a><\/td>\n<\/tr>\n<tr>\n<td>Hist. de la filos. contemp. examen<\/td>\n<td><a href=\"https:\/\/ens35-sfe.infd.edu.ar\/sitio\/wp-content\/uploads\/2019\/09\/PF4-HistoriaFilosofiaContempProg18.pdf\">PF4-HistoriaFilosofiaContempProg18<\/a><\/td>\n<td><a href=\"https:\/\/ens35-sfe.infd.edu.ar\/sitio\/wp-content\/uploads\/2019\/09\/PF4-HistoriaFiloContempProg19.pdf\">PF4-HistoriaFiloContempProg19<\/a><\/td>\n<\/tr>\n<tr>\n<td>Seminario de integraci\u00f3n y s\u00edntesis<\/td>\n<td><a href=\"https:\/\/ens35-sfe.infd.edu.ar\/sitio\/wp-content\/uploads\/2019\/09\/PF4-SeminarioIntSintesis18.pdf\">PF4-SeminarioIntSintesis18<\/a><\/td>\n<td style=\"text-align: center;\">&#8212;&#8212;&#8212;<\/td>\n<\/tr>\n<tr>\n<td>Filosof\u00eda pol\u00edtica<\/td>\n<td style=\"text-align: center;\">&#8212;&#8212;&#8212;<\/td>\n<td><a href=\"https:\/\/ens35-sfe.infd.edu.ar\/sitio\/wp-content\/uploads\/2019\/09\/PF2-Filosofia-Politica19.pdf\">PF2-Filosofia Politica19<\/a><\/td>\n<\/tr>\n<tr>\n<td>\u00c9tica<\/td>\n<td style=\"text-align: center;\">&#8212;&#8212;&#8212;<\/td>\n<td><a href=\"https:\/\/ens35-sfe.infd.edu.ar\/sitio\/wp-content\/uploads\/2019\/09\/PF4-Etica19.pdf\">PF4-Etica19<\/a><\/td>\n<\/tr>\n<tr>\n<td>Epistemolog\u00eda<\/td>\n<td style=\"text-align: center;\">&#8212;&#8212;&#8212;<\/td>\n<td><a href=\"https:\/\/ens35-sfe.infd.edu.ar\/sitio\/wp-content\/uploads\/2019\/09\/PF4-Epistemologia19.pdf\">PF4-Epistemologia19<\/a><\/td>\n<\/tr>\n<tr>\n<td>Epistemolog\u00eda examen<\/td>\n<td style=\"text-align: center;\">&#8212;&#8212;&#8212;<\/td>\n<td><a href=\"https:\/\/ens35-sfe.infd.edu.ar\/sitio\/wp-content\/uploads\/2019\/09\/PF4-EpistemologiaProg19.pdf\">PF4-EpistemologiaProg19<\/a><\/td>\n<\/tr>\n<tr>\n<td>Filosof\u00eda de la naturaleza<\/td>\n<td style=\"text-align: center;\">&#8212;&#8212;&#8212;<\/td>\n<td><a href=\"https:\/\/ens35-sfe.infd.edu.ar\/sitio\/wp-content\/uploads\/2019\/09\/PF3-FilosofiaNaturaleza19.pdf\">PF3-FilosofiaNaturaleza19<\/a><\/td>\n<\/tr>\n<\/tbody>\n<\/table>\n<p>&nbsp;<\/p>\n<p>&nbsp;<\/p>\n","protected":false},"excerpt":{"rendered":"<p>Curricular Programa 2018 Programa 2019 L\u00f3gica PF1-Logica18 &#8212;&#8212;&#8212; Pedagog\u00eda PF1-Pedagogia18 PF1-Pedagogia19 Pedagog\u00eda examen PF1-PedagogiaProgEx18 &#8212;&#8212;&#8212; Psicolog\u00eda y educaci\u00f3n PF1-PsicologiaEducacion18 PF1-PsicologiaEducacion19 Sociolog\u00eda PF1-Sociologia19 &#8212;&#8212;&#8212; Sociolog\u00eda examen PF1-SociologiaProg18 &#8212;&#8212;&#8212; Did\u00e1ctica de la filosof\u00eda PF2-DidacticaFilosof18 &#8212;&#8212;&#8212; Did\u00e1ctica de la filosof\u00eda examen PF2-DidacticaFilosofProg18 &#8212;&#8212;&#8212; Lat\u00edn PF2-Latin18 PF2-Latin19 Lat\u00edn examen PF2-LatinProg18 PF2-Latinprog19 Sujeto de la educaci\u00f3n secundaria PF2-SujetosEducSecundaria18 PF2-SujetoEduc19 Taller &#8230; <a title=\"Programas Prof. Filosof\u00eda\" class=\"read-more\" href=\"https:\/\/ens35-sfe.infd.edu.ar\/sitio\/programas-prof-filosofia\/\" aria-label=\"More on Programas Prof. Filosof\u00eda\">[+]<\/a><\/p>\n","protected":false},"author":1767,"featured_media":0,"parent":0,"menu_order":0,"comment_status":"closed","ping_status":"closed","template":"","meta":[],"acf":[],"_links":{"self":[{"href":"https:\/\/ens35-sfe.infd.edu.ar\/sitio\/wp-json\/wp\/v2\/pages\/1106"}],"collection":[{"href":"https:\/\/ens35-sfe.infd.edu.ar\/sitio\/wp-json\/wp\/v2\/pages"}],"about":[{"href":"https:\/\/ens35-sfe.infd.edu.ar\/sitio\/wp-json\/wp\/v2\/types\/page"}],"author":[{"embeddable":true,"href":"https:\/\/ens35-sfe.infd.edu.ar\/sitio\/wp-json\/wp\/v2\/users\/1767"}],"replies":[{"embeddable":true,"href":"https:\/\/ens35-sfe.infd.edu.ar\/sitio\/wp-json\/wp\/v2\/comments?post=1106"}],"version-history":[{"count":19,"href":"https:\/\/ens35-sfe.infd.edu.ar\/sitio\/wp-json\/wp\/v2\/pages\/1106\/revisions"}],"predecessor-version":[{"id":1455,"href":"https:\/\/ens35-sfe.infd.edu.ar\/sitio\/wp-json\/wp\/v2\/pages\/1106\/revisions\/1455"}],"wp:attachment":[{"href":"https:\/\/ens35-sfe.infd.edu.ar\/sitio\/wp-json\/wp\/v2\/media?parent=1106"}],"curies":[{"name":"wp","href":"https:\/\/api.w.org\/{rel}","templated":true}]}}